{"id":293,"date":"2025-06-09T03:07:14","date_gmt":"2025-06-09T01:07:14","guid":{"rendered":"https:\/\/www.officat.com\/?page_id=293"},"modified":"2025-07-28T13:28:25","modified_gmt":"2025-07-28T11:28:25","slug":"nosotros","status":"publish","type":"page","link":"https:\/\/www.officat.com\/es\/nosotros\/","title":{"rendered":"Nosotros"},"content":{"rendered":"\n<figure class=\"wp-block-image alignfull size-full\"><img alt=\"\" loading=\"lazy\" decoding=\"async\" width=\"1920\" height=\"397\" src=\"https:\/\/www.officat.com\/wp-content\/uploads\/2025\/06\/cabecera_nosotros.webp\" alt=\"\" class=\"wp-image-501\" srcset=\"https:\/\/www.officat.com\/wp-content\/uploads\/2025\/06\/cabecera_nosotros.webp 1920w, https:\/\/www.officat.com\/wp-content\/uploads\/2025\/06\/cabecera_nosotros-300x62.webp 300w, https:\/\/www.officat.com\/wp-content\/uploads\/2025\/06\/cabecera_nosotros-1024x212.webp 1024w, https:\/\/www.officat.com\/wp-content\/uploads\/2025\/06\/cabecera_nosotros-768x159.webp 768w, https:\/\/www.officat.com\/wp-content\/uploads\/2025\/06\/cabecera_nosotros-1536x318.webp 1536w\" sizes=\"auto, (max-width: 1920px) 100vw, 1920px\" \/><\/figure>\n\n\n\n<div class=\"wp-block-group breadcrumb-pattern is-layout-flow wp-block-group-is-layout-flow\" style=\"padding-top:0;padding-bottom:0\"><nav class=\"breadcrumb\" itemprop=\"breadcrumb\">\n\t<ul>\n\t\t<li class=\"breadcrumb__home\">\n\t\t\t<a href=\"https:\/\/www.officat.com\/es\/\">\n\t\t\t\t<i class=\"icon-home\">\n\t\t\t\t\t<svg width=\"16\" height=\"18\" viewBox=\"0 0 16 18\" fill=\"none\" xmlns=\"http:\/\/www.w3.org\/2000\/svg\">\n\t\t\t\t\t\t<path d=\"M0 18V6L8 0L16 6V18H10V11H6V18H0Z\" fill=\"currentColor\"\/>\n\t\t\t\t\t<\/svg>\n\t\t\t\t<\/i>\n\t\t\t\t<span class=\"home-text\">Inicio<\/span>\n\t\t\t<\/a>\n\t\t<\/li>\n\t\t\n\t\t\t\t\n\t\t\t\t\n\t<\/ul>\n<\/nav>\n<\/div>\n\n\n\n<div class=\"wp-block-group alignwide has-gray-light-background-color has-background has-global-padding is-layout-constrained wp-block-group-is-layout-constrained\" style=\"padding-bottom:var(--wp--preset--spacing--60)\">\n<div class=\"wp-block-group aligncenter has-global-padding is-layout-constrained wp-block-group-is-layout-constrained\"><h1 style=\"font-style:italic;font-weight:500;\" class=\"has-link-color wp-elements-f20a311e76cfec315c81162b48ae59fa wp-elements-6a3fcf92f2eda7e06d2298c76a792077 wp-block-post-title has-text-color has-text-color-color\">Nosotros<\/h1>\n\n\n<p>OFFICAT, es una empresa especializada en mobiliario de oficina, con una experiencia profesional de m\u00e1s de 20 a\u00f1os en el sector, contando con las mejores marcas del mercado que nos garantizan calidad y buen servicio, cuidando la satisfacci\u00f3n y fidelidad de nuestros clientes.<br><\/p>\n\n\n\n<p>Damos cobertura en suministros integrales para la oficina, mobiliario, inform\u00e1tica, ofim\u00e1tica, imprenta, serigraf\u00eda, sellos de goma, consumibles, cortinas, mobiliario cl\u00ednico, hospitalario, escolar, regalo publicitario, limpieza y maquinaria para oficina.<br><\/p>\n\n\n\n<p>Nuestro \u00e1mbito de acci\u00f3n comercial llega a todas las regiones nacionales, con especial incidencia en Catalu\u00f1a, por nuestra ubicaci\u00f3n geogr\u00e1fica.<\/p>\n<\/div>\n<\/div>\n","protected":false},"excerpt":{"rendered":"<p>OFFICAT, es una empresa especializada en mobiliario de oficina, con una experiencia profesional de m\u00e1s de 20 a\u00f1os en el sector, contando con las mejores marcas del mercado que nos garantizan calidad y buen servicio, cuidando la satisfacci\u00f3n y fidelidad de nuestros clientes. Damos cobertura en suministros integrales para la oficina, mobiliario, inform\u00e1tica, ofim\u00e1tica, imprenta, [&hellip;]<\/p>\n","protected":false},"author":1,"featured_media":0,"parent":0,"menu_order":0,"comment_status":"closed","ping_status":"closed","template":"","meta":{"_seopress_robots_primary_cat":"","_seopress_titles_title":"","_seopress_titles_desc":"","_seopress_robots_index":"","footnotes":""},"class_list":["post-293","page","type-page","status-publish","hentry"],"_links":{"self":[{"href":"https:\/\/www.officat.com\/es\/wp-json\/wp\/v2\/pages\/293","targetHints":{"allow":["GET"]}}],"collection":[{"href":"https:\/\/www.officat.com\/es\/wp-json\/wp\/v2\/pages"}],"about":[{"href":"https:\/\/www.officat.com\/es\/wp-json\/wp\/v2\/types\/page"}],"author":[{"embeddable":true,"href":"https:\/\/www.officat.com\/es\/wp-json\/wp\/v2\/users\/1"}],"replies":[{"embeddable":true,"href":"https:\/\/www.officat.com\/es\/wp-json\/wp\/v2\/comments?post=293"}],"version-history":[{"count":0,"href":"https:\/\/www.officat.com\/es\/wp-json\/wp\/v2\/pages\/293\/revisions"}],"wp:attachment":[{"href":"https:\/\/www.officat.com\/es\/wp-json\/wp\/v2\/media?parent=293"}],"curies":[{"name":"wp","href":"https:\/\/api.w.org\/{rel}","templated":true}]}}