{"id":5,"date":"2025-05-16T03:25:44","date_gmt":"2025-05-16T01:25:44","guid":{"rendered":"https:\/\/www.officat.com\/?page_id=5"},"modified":"2025-10-23T15:24:16","modified_gmt":"2025-10-23T13:24:16","slug":"inicio-2-2","status":"publish","type":"page","link":"https:\/\/www.officat.com\/es\/","title":{"rendered":"Inicio"},"content":{"rendered":"\n<div class=\"wp-block-group alignfull is-style-page-wrapper slider-home-officat is-layout-flow wp-block-group-is-layout-flow\" style=\"margin-top:-8.5rem\">\n<div class=\"wp-block-cb-carousel-v2 cb-carousel-block cb-single-slide\" data-cb-slides-per-view=\"1\" data-cb-slides-per-group=\"1\" data-cb-space-between=\"15\" data-cb-speed=\"300\" data-cb-autoplay=\"true\" data-cb-autoplay-speed=\"3000\" data-cb-breakpoints=\"{&quot;null&quot;:{&quot;slidesPerView&quot;:1,&quot;slidesPerGroup&quot;:1}}\"><div class=\"swiper\"><div class=\"cb-wrapper swiper-wrapper\">\n<div class=\"wp-block-cb-slide-v2 cb-slide swiper-slide\">\n<figure class=\"wp-block-video\"><video autoplay muted poster=\"https:\/\/www.officat.com\/wp-content\/uploads\/2025\/06\/banner_home_1_1x.webp\" src=\"https:\/\/www.officat.com\/wp-content\/uploads\/2025\/07\/VIDEO_2024_01_24_17_10_52.mp4\"><\/video><\/figure>\n<\/div>\n<\/div><\/div><\/div>\n<\/div>\n\n\n\n<div class=\"wp-block-group home_categories has-global-padding is-layout-constrained wp-block-group-is-layout-constrained\" style=\"margin-top:-120px;margin-bottom:var(--wp--preset--spacing--50)\">\n<div class=\"wp-block-columns is-layout-flex wp-container-core-columns-is-layout-28f84493 wp-block-columns-is-layout-flex\">\n<div class=\"wp-block-column has-white-background-color has-background is-layout-flow wp-block-column-is-layout-flow\" style=\"border-top-color:var(--wp--preset--color--gray);border-top-width:1px;border-right-color:var(--wp--preset--color--gray);border-right-width:1px;border-bottom-color:var(--wp--preset--color--gray-dark);border-bottom-style:solid;border-bottom-width:2px;border-left-color:var(--wp--preset--color--primary);border-left-width:3px;padding-top:var(--wp--preset--spacing--30);padding-left:var(--wp--preset--spacing--30);box-shadow:6px 6px 9px rgba(0, 0, 0, 0.2)\">\n<h2 class=\"wp-block-heading has-extra-huge-font-size\" style=\"font-style:italic;font-weight:500\">Mobiliario<\/h2>\n\n\n\n<p>Mesas, Cajoneras y Armarios<\/p>\n\n\n\n<div class=\"wp-block-buttons is-layout-flex wp-block-buttons-is-layout-flex\">\n<div class=\"wp-block-button\"><a class=\"wp-block-button__link wp-element-button\" href=\"https:\/\/www.officat.com\/es\/categoria-producto\/mobiliario\/\" style=\"font-style:normal;font-weight:400\">VER MOBILIARIO<\/a><\/div>\n<\/div>\n<\/div>\n\n\n\n<div class=\"wp-block-column has-white-background-color has-background is-layout-flow wp-block-column-is-layout-flow\" style=\"border-top-color:var(--wp--preset--color--gray);border-top-width:1px;border-right-color:var(--wp--preset--color--gray);border-right-width:1px;border-bottom-color:var(--wp--preset--color--gray-dark);border-bottom-style:solid;border-bottom-width:2px;border-left-color:var(--wp--preset--color--primary);border-left-width:3px;padding-top:var(--wp--preset--spacing--30);padding-left:var(--wp--preset--spacing--30);box-shadow:6px 6px 9px rgba(0, 0, 0, 0.2)\">\n<h2 class=\"wp-block-heading has-extra-huge-font-size\" style=\"font-style:italic;font-weight:500\">Sillas<\/h2>\n\n\n\n<p>Direcci\u00f3n, confidente y operativas<\/p>\n\n\n\n<div class=\"wp-block-buttons is-layout-flex wp-block-buttons-is-layout-flex\">\n<div class=\"wp-block-button\"><a class=\"wp-block-button__link wp-element-button\" href=\"https:\/\/www.officat.com\/es\/categoria-producto\/sillas\/\" style=\"font-style:normal;font-weight:400\">VER SILLAS<\/a><\/div>\n<\/div>\n<\/div>\n\n\n\n<div class=\"wp-block-column has-white-background-color has-background is-layout-flow wp-block-column-is-layout-flow\" style=\"border-top-color:var(--wp--preset--color--gray);border-top-width:1px;border-right-color:var(--wp--preset--color--gray);border-right-width:1px;border-bottom-color:var(--wp--preset--color--gray-dark);border-bottom-style:solid;border-bottom-width:2px;border-left-color:var(--wp--preset--color--primary);border-left-width:3px;padding-top:var(--wp--preset--spacing--30);padding-left:var(--wp--preset--spacing--30);box-shadow:6px 6px 9px rgba(0, 0, 0, 0.2)\">\n<h2 class=\"wp-block-heading has-extra-huge-font-size\" style=\"font-style:italic;font-weight:500\">Cortinas <\/h2>\n\n\n\n<p>L\u00ednea t\u00e9cnica y l\u00ednea tradicional<\/p>\n\n\n\n<div class=\"wp-block-buttons is-layout-flex wp-block-buttons-is-layout-flex\">\n<div class=\"wp-block-button\"><a class=\"wp-block-button__link wp-element-button\" href=\"https:\/\/www.officat.com\/es\/categoria-producto\/cortinas\/\" style=\"font-style:normal;font-weight:400\">VER CORTINAS<\/a><\/div>\n<\/div>\n<\/div>\n<\/div>\n<\/div>\n\n\n\n<div class=\"wp-block-group alignfull has-white-background-color has-background has-global-padding is-layout-constrained wp-block-group-is-layout-constrained\" style=\"padding-top:var(--wp--preset--spacing--50);padding-bottom:var(--wp--preset--spacing--50)\">\n<h2 class=\"wp-block-heading has-large-font-size\" style=\"font-style:italic;font-weight:500\">TIENDA ONLINE<\/h2>\n\n\n\n<div class=\"wp-block-columns is-layout-flex wp-container-core-columns-is-layout-28f84493 wp-block-columns-is-layout-flex\">\n<div class=\"wp-block-column is-layout-flow wp-block-column-is-layout-flow\">\n<div class=\"wp-block-cb-carousel-v2 cb-carousel-block cb-single-slide\" data-cb-slides-per-view=\"1\" data-cb-slides-per-group=\"1\" data-cb-space-between=\"15\" data-cb-speed=\"300\" data-cb-pagination=\"true\" data-cb-loop=\"true\" data-cb-autoplay=\"true\" data-cb-autoplay-speed=\"3000\" data-cb-breakpoints=\"{&quot;768&quot;:{&quot;slidesPerView&quot;:1,&quot;slidesPerGroup&quot;:1}}\"><div class=\"swiper\"><div class=\"cb-wrapper swiper-wrapper\">\n<div class=\"wp-block-cb-slide-v2 cb-slide swiper-slide\">\n<figure class=\"wp-block-gallery has-nested-images columns-default is-cropped wp-block-gallery-2 is-layout-flex wp-block-gallery-is-layout-flex\">\n<figure class=\"wp-block-image size-full\"><img alt=\"\" loading=\"lazy\" decoding=\"async\" width=\"680\" height=\"368\" data-id=\"489\" src=\"https:\/\/www.officat.com\/wp-content\/uploads\/2025\/06\/bannertienda.png\" alt=\"\" class=\"wp-image-489\" srcset=\"https:\/\/www.officat.com\/wp-content\/uploads\/2025\/06\/bannertienda.png 680w, https:\/\/www.officat.com\/wp-content\/uploads\/2025\/06\/bannertienda-300x162.png 300w\" sizes=\"auto, (max-width: 680px) 100vw, 680px\" \/><\/figure>\n<\/figure>\n<\/div>\n\n\n\n<div class=\"wp-block-cb-slide-v2 cb-slide swiper-slide\">\n<figure class=\"wp-block-gallery has-nested-images columns-default is-cropped wp-block-gallery-3 is-layout-flex wp-block-gallery-is-layout-flex\">\n<figure class=\"wp-block-image size-full\"><img alt=\"\" loading=\"lazy\" decoding=\"async\" width=\"680\" height=\"370\" data-id=\"418\" src=\"https:\/\/www.officat.com\/wp-content\/uploads\/2025\/06\/bannertienda2.png\" alt=\"\" class=\"wp-image-418\" srcset=\"https:\/\/www.officat.com\/wp-content\/uploads\/2025\/06\/bannertienda2.png 680w, https:\/\/www.officat.com\/wp-content\/uploads\/2025\/06\/bannertienda2-300x163.png 300w\" sizes=\"auto, (max-width: 680px) 100vw, 680px\" \/><\/figure>\n<\/figure>\n<\/div>\n\n\n\n<div class=\"wp-block-cb-slide-v2 cb-slide swiper-slide\">\n<figure class=\"wp-block-gallery has-nested-images columns-default is-cropped wp-block-gallery-4 is-layout-flex wp-block-gallery-is-layout-flex\">\n<figure class=\"wp-block-image size-full\"><img alt=\"\" loading=\"lazy\" decoding=\"async\" width=\"1920\" height=\"965\" data-id=\"416\" src=\"https:\/\/www.officat.com\/wp-content\/uploads\/2025\/06\/bannertienda1.png\" alt=\"\" class=\"wp-image-416\" srcset=\"https:\/\/www.officat.com\/wp-content\/uploads\/2025\/06\/bannertienda1.png 1920w, https:\/\/www.officat.com\/wp-content\/uploads\/2025\/06\/bannertienda1-300x151.png 300w, https:\/\/www.officat.com\/wp-content\/uploads\/2025\/06\/bannertienda1-1024x515.png 1024w, https:\/\/www.officat.com\/wp-content\/uploads\/2025\/06\/bannertienda1-768x386.png 768w, https:\/\/www.officat.com\/wp-content\/uploads\/2025\/06\/bannertienda1-1536x772.png 1536w\" sizes=\"auto, (max-width: 1920px) 100vw, 1920px\" \/><\/figure>\n<\/figure>\n<\/div>\n<\/div><\/div><div class=\"cb-pagination swiper-pagination\"><\/div><\/div>\n<\/div>\n\n\n\n<div class=\"wp-block-column tienda_online_desc is-layout-flow wp-block-column-is-layout-flow\">\n<h2 class=\"wp-block-heading\"><br>\u00a1Descubre nuestra tienda online!<\/h2>\n\n\n\n<p>Ofrecemos todo lo necesario para equipar su espacio de trabajo: papeler\u00eda, material de archivo, embalaje, complementos, consumibles inform\u00e1ticos, mobiliario y maquinaria de oficina.<\/p>\n\n\n\n<p>\u00a1Precios incre\u00edbles y calidad garantizada!<\/p>\n\n\n\n<div class=\"wp-block-buttons is-layout-flex wp-block-buttons-is-layout-flex\">\n<div class=\"wp-block-button\"><a class=\"wp-block-button__link wp-element-button\" href=\"https:\/\/www.liderpapel.com\/PStores?s=7422&amp;o=inicio_b2c&amp;p=1\" style=\"font-style:normal;font-weight:500\">ACCEDER<\/a><\/div>\n<\/div>\n<\/div>\n<\/div>\n<\/div>\n\n\n\n<div class=\"wp-block-group alignfull has-white-color has-text-color-background-color has-text-color has-background has-link-color wp-elements-7af7422cd4572b553e94f95375531310 is-layout-flow wp-block-group-is-layout-flow\" style=\"margin-top:0;margin-bottom:0;padding-top:var(--wp--preset--spacing--30);padding-bottom:var(--wp--preset--spacing--40)\">\n<h2 class=\"wp-block-heading has-text-align-center is-style-section has-white-color has-text-color has-link-color has-x-large-font-size wp-elements-5e984195a9214de459a78f2b3f3d428d\" style=\"font-style:italic;font-weight:500\"><br>VISITE NUESTRO SHOWROOM EN:<\/h2>\n\n\n\n<p class=\"has-text-align-center\" style=\"line-height:1\">C. Sant Salvador n\u00b0 3,<\/p>\n\n\n\n<p class=\"has-text-align-center\" style=\"line-height:1\">local 8\u202808290 Cerdanyola del Vall\u00e8s<\/p>\n<\/div>\n\n\n\n<div class=\"wp-block-group alignfull is-layout-flow wp-block-group-is-layout-flow\" style=\"margin-top:0;margin-bottom:0\">\t\t<div\n            id=\"wpmapblock_20fa4111\"\n            data-settings='{&quot;map_marker&quot;:[{&quot;id&quot;:&quot;1&quot;,&quot;lat&quot;:&quot;41.4923913&quot;,&quot;lng&quot;:&quot;2.1402163&quot;,&quot;title&quot;:&quot;OFFICAT&quot;,&quot;content&quot;:&quot;&quot;,&quot;iconType&quot;:&quot;default&quot;,&quot;customIconUrl&quot;:&quot;&quot;,&quot;customIconWidth&quot;:&quot;25&quot;,&quot;customIconHeight&quot;:&quot;40&quot;}],&quot;map_zoom&quot;:&quot;17&quot;,&quot;scroll_wheel_zoom&quot;:false,&quot;map_type&quot;:&quot;OSM&quot;,&quot;center_index&quot;:0}'\n            class=\"wpmapblockrender\"\n            style=\"\n\t\t\twidth: 100%;\n\t\t\theight: 420px;\n\t\t\"\n            >\n        <\/div>\n        <\/div>\n\n\n\n<p><\/p>\n","protected":false},"excerpt":{"rendered":"<p>Mobiliario Mesas, Cajoneras y Armarios Sillas Direcci\u00f3n, confidente y operativas Cortinas L\u00ednea t\u00e9cnica y l\u00ednea tradicional TIENDA ONLINE \u00a1Descubre nuestra tienda online! Ofrecemos todo lo necesario para equipar su espacio de trabajo: papeler\u00eda, material de archivo, embalaje, complementos, consumibles inform\u00e1ticos, mobiliario y maquinaria de oficina. \u00a1Precios incre\u00edbles y calidad garantizada! VISITE NUESTRO SHOWROOM EN: C. [&hellip;]<\/p>\n","protected":false},"author":1,"featured_media":0,"parent":0,"menu_order":0,"comment_status":"closed","ping_status":"closed","template":"","meta":{"_seopress_robots_primary_cat":"","_seopress_titles_title":"","_seopress_titles_desc":"","_seopress_robots_index":"","footnotes":""},"class_list":["post-5","page","type-page","status-publish","hentry"],"_links":{"self":[{"href":"https:\/\/www.officat.com\/es\/wp-json\/wp\/v2\/pages\/5","targetHints":{"allow":["GET"]}}],"collection":[{"href":"https:\/\/www.officat.com\/es\/wp-json\/wp\/v2\/pages"}],"about":[{"href":"https:\/\/www.officat.com\/es\/wp-json\/wp\/v2\/types\/page"}],"author":[{"embeddable":true,"href":"https:\/\/www.officat.com\/es\/wp-json\/wp\/v2\/users\/1"}],"replies":[{"embeddable":true,"href":"https:\/\/www.officat.com\/es\/wp-json\/wp\/v2\/comments?post=5"}],"version-history":[{"count":0,"href":"https:\/\/www.officat.com\/es\/wp-json\/wp\/v2\/pages\/5\/revisions"}],"wp:attachment":[{"href":"https:\/\/www.officat.com\/es\/wp-json\/wp\/v2\/media?parent=5"}],"curies":[{"name":"wp","href":"https:\/\/api.w.org\/{rel}","templated":true}]}}