{"id":673,"date":"2025-07-11T13:22:51","date_gmt":"2025-07-11T11:22:51","guid":{"rendered":"https:\/\/www.officat.com\/?page_id=673"},"modified":"2025-07-11T13:24:17","modified_gmt":"2025-07-11T11:24:17","slug":"aviso-legal","status":"publish","type":"page","link":"https:\/\/www.officat.com\/es\/aviso-legal\/","title":{"rendered":"Aviso legal"},"content":{"rendered":"\n<div class=\"wp-block-group alignwide is-style-section is-layout-flow wp-block-group-is-layout-flow\"><nav class=\"breadcrumb\" itemprop=\"breadcrumb\">\n\t<ul>\n\t\t<li class=\"breadcrumb__home\">\n\t\t\t<a href=\"https:\/\/www.officat.com\/es\/\">\n\t\t\t\t<i class=\"icon-home\">\n\t\t\t\t\t<svg width=\"16\" height=\"18\" viewBox=\"0 0 16 18\" fill=\"none\" xmlns=\"http:\/\/www.w3.org\/2000\/svg\">\n\t\t\t\t\t\t<path d=\"M0 18V6L8 0L16 6V18H10V11H6V18H0Z\" fill=\"currentColor\"\/>\n\t\t\t\t\t<\/svg>\n\t\t\t\t<\/i>\n\t\t\t\t<span class=\"home-text\">Inicio<\/span>\n\t\t\t<\/a>\n\t\t<\/li>\n\t\t\n\t\t\t\t\n\t\t\t\t\n\t<\/ul>\n<\/nav>\n<\/div>\n\n\n\n<div class=\"wp-block-group alignwide is-style-section has-white-background-color has-background has-global-padding is-layout-constrained wp-container-core-group-is-layout-1b3dec4a wp-block-group-is-layout-constrained\" style=\"margin-bottom:var(--wp--preset--spacing--60);padding-right:var(--wp--preset--spacing--30);padding-left:var(--wp--preset--spacing--30)\">\n<div class=\"wp-block-group aligncenter has-global-padding is-layout-constrained wp-block-group-is-layout-constrained\"><h1 class=\"wp-block-post-title\">Aviso legal<\/h1>\n\n\n<p>Condiciones generales de uso de la p\u00e1gina web&nbsp;<strong>www.officat.com<\/strong><\/p>\n\n\n\n<h2 class=\"wp-block-heading\">1. Identificaci\u00f3n y actividad de la sociedad.<\/h2>\n\n\n\n<p><strong>Officat subministros para oficina<\/strong>&nbsp;(en adelante \u00ab<strong>Officat<\/strong>\u00ab), con domicilio social en la&nbsp;<strong>c\/ Pereda 17<\/strong>&nbsp;<strong>08204<\/strong>&nbsp;<strong>Sabadell<\/strong>,&nbsp;<strong>B64053697<\/strong>, inscrita en el Registro Mercantil de Barcelona, es una sociedad que tiene por objeto&nbsp;<strong>mobiliari d&#8217;oficina<\/strong><\/p>\n\n\n\n<h2 class=\"wp-block-heading\">2. Responsabilidades de uso.<\/h2>\n\n\n\n<p>Ambas partes son responsables de la veracidad de los datos que se env\u00eden y gestionen a trav\u00e9s del sistema. El Usuario deber\u00e1 disponer de los medios materiales, sistemas, redes de comunicaci\u00f3n, maquinaria y equipos necesarios para el correcto funcionamiento del sistema.<\/p>\n\n\n\n<p>El Usuario y&nbsp;<strong>Officat<\/strong>&nbsp;adoptar\u00e1n todas las medidas de seguridad necesarias de conformidad con la tecnolog\u00eda y situaci\u00f3n en el mercado, con la finalidad de no introducir cualquier tipo de c\u00f3digo contaminante o virus en el sistema.<br>No obstante lo anterior,&nbsp;<strong>Officat<\/strong>&nbsp;excluye cualquier responsabilidad por da\u00f1os y perjuicios al Usuario en relaci\u00f3n con:<\/p>\n\n\n\n<p>i) Falta de funcionamiento correcto de la p\u00e1gina web o de los servicios y promociones ofrecidos a trav\u00e9s de la misma, as\u00ed como de la falta de adaptaci\u00f3n de la p\u00e1gina web para un fin concreto esperado por los Usuarios.<br><br>ii) Presencia de c\u00f3digos contaminantes o virus o presencia de otros elementos que pudieran producir alteraciones en el sistema inform\u00e1tico o ficheros de los Usuarios.<\/p>\n\n\n\n<h2 class=\"wp-block-heading\">3. Seguridad y confidencialidad. Pol\u00edtica de Protecci\u00f3n de Datos.<\/h2>\n\n\n\n<p>Los datos de car\u00e1cter personal proporcionados por usted, y los que en cualquier momento facilite, ser\u00e1n tratados en los t\u00e9rminos y condiciones estipulados en nuestra Pol\u00edtica de Privacidad. La mera utilizaci\u00f3n de nuestra p\u00e1gina web, supone la aceptaci\u00f3n de las presentes Condiciones Generales y de la Pol\u00edtica de Privacidad que se incluye en la misma.<\/p>\n\n\n\n<h2 class=\"wp-block-heading\">4. Propiedad intelectual y\/o industrial.<\/h2>\n\n\n\n<p>Toda la informaci\u00f3n contenida en la p\u00e1gina web&nbsp;<strong>www.officat.com<\/strong>, como pueden ser, a t\u00edtulo enunciativo, el dise\u00f1o gr\u00e1fico, im\u00e1genes, c\u00f3digos fuente, marcas, r\u00f3tulos de establecimiento, nombres comerciales, denominaciones, otros signos distintivos \u00f3 links de terceros, etc., est\u00e1n sujetos a derechos de propiedad intelectual e industrial de&nbsp;<strong>Officat<\/strong>&nbsp;o de terceros.<\/p>\n\n\n\n<p>Bajo ning\u00fan supuesto, el acceso a los servicios de&nbsp;<strong>Officat<\/strong>&nbsp;supone la renuncia, transmisi\u00f3n, cesi\u00f3n o licencia total o parcial de dichos derechos, ni confiere ning\u00fan derecho de utilizaci\u00f3n, traducci\u00f3n, adaptaci\u00f3n, alteraci\u00f3n, explotaci\u00f3n, reproducci\u00f3n, distribuci\u00f3n o comunicaci\u00f3n p\u00fablica de dichos derechos de propiedad intelectual sin la previa y expresa autorizaci\u00f3n de&nbsp;<strong>Officat<\/strong>&nbsp;o del tercero titular de los derechos afectados. Por tanto, a t\u00edtulo enunciativo que no limitativo, el Usuario, no estar\u00e1 autorizado a reproducir, descompilar, invertir, transformar, modificar, ni actualizar el sistema, sin la autorizaci\u00f3n previa y por escrito de&nbsp;<strong>Officat<\/strong>.<\/p>\n\n\n\n<p>En ning\u00fan caso est\u00e1 autorizada (y ser\u00e1 perseguida) la reproducci\u00f3n total o parcial de los datos y contenidos a los que se tenga acceso en&nbsp;<strong>www.officat.com<\/strong>, si se utilizaren contraviniendo la legislaci\u00f3n vigente en materia de propiedad industrial o intelectual.<\/p>\n\n\n\n<p>No obstante lo anterior, quedan a salvo los derechos del Usuario previstos por las disposiciones legales vigentes, as\u00ed como los derechos del Usuario de visualizar y obtener una copia en la memoria cach\u00e9 de su ordenador como reproducci\u00f3n transitoria y accesoria, sin que en ning\u00fan caso est\u00e9 autorizado para comunicar la misma a terceros.<\/p>\n\n\n\n<h2 class=\"wp-block-heading\">5. Pol\u00edtica de links.<\/h2>\n\n\n\n<p><strong>Officat<\/strong>&nbsp;no se responsabilizar\u00e1 de los da\u00f1os y perjuicios derivados de los servicios y contenidos que se ofrezcan a trav\u00e9s de las p\u00e1ginas web a las que los Usuarios puedan acceder a trav\u00e9s de los enlaces que se incluyen en la p\u00e1gina web&nbsp;<strong>www.officat.com<\/strong>.<\/p>\n\n\n\n<h2 class=\"wp-block-heading\">6. Notificaciones.<\/h2>\n\n\n\n<p>Cualquier notificaci\u00f3n podr\u00e1 ser dirigida a&nbsp;<strong>Officat<\/strong>&nbsp;a la direcci\u00f3n que figura en el encabezamiento o mediante el env\u00edo de un correo electr\u00f3nico a la siguiente direcci\u00f3n:&nbsp;<strong><a href=\"mailto:officat@officat.com\">officat@officat.com<\/a><\/strong>.<\/p>\n\n\n\n<h2 class=\"wp-block-heading\">7. Legislaci\u00f3n aplicable y jurisdicci\u00f3n<\/h2>\n\n\n\n<p>Las presentes condiciones quedan sujetas a la normativa de derecho com\u00fan espa\u00f1ola. Los Usuarios se someten expresamente para cualquier cuesti\u00f3n, discrepancia, controversia o reclamaci\u00f3n que se derive de la ejecuci\u00f3n, interpretaci\u00f3n o cumplimiento de las obligaciones que se establezcan entre&nbsp;<strong>Officat<\/strong>&nbsp;y los usuarios de la p\u00e1gina web<strong>&nbsp;www.officat.com<\/strong>, a los Juzgados y Tribunales de Barcelona, con renuncia expresa a cualquier otro fuero que por ley pudiera corresponderles.<\/p>\n\n\n\n<h2 class=\"wp-block-heading\">8. Consentimiento del Usuario.<\/h2>\n\n\n\n<p>El mero acceso o utilizaci\u00f3n de la p\u00e1gina web&nbsp;<strong>www.officat.com<\/strong>&nbsp;por parte del Usuario, supone la aceptaci\u00f3n de las presentes Condiciones Generales de Uso.<\/p>\n<\/div>\n<\/div>\n","protected":false},"excerpt":{"rendered":"<p>Condiciones generales de uso de la p\u00e1gina web&nbsp;www.officat.com 1. Identificaci\u00f3n y actividad de la sociedad. Officat subministros para oficina&nbsp;(en adelante \u00abOfficat\u00ab), con domicilio social en la&nbsp;c\/ Pereda 17&nbsp;08204&nbsp;Sabadell,&nbsp;B64053697, inscrita en el Registro Mercantil de Barcelona, es una sociedad que tiene por objeto&nbsp;mobiliari d&#8217;oficina 2. Responsabilidades de uso. Ambas partes son responsables de la veracidad de [&hellip;]<\/p>\n","protected":false},"author":2,"featured_media":0,"parent":0,"menu_order":0,"comment_status":"closed","ping_status":"closed","template":"","meta":{"_seopress_robots_primary_cat":"","_seopress_titles_title":"","_seopress_titles_desc":"","_seopress_robots_index":"","footnotes":""},"class_list":["post-673","page","type-page","status-publish","hentry"],"_links":{"self":[{"href":"https:\/\/www.officat.com\/es\/wp-json\/wp\/v2\/pages\/673","targetHints":{"allow":["GET"]}}],"collection":[{"href":"https:\/\/www.officat.com\/es\/wp-json\/wp\/v2\/pages"}],"about":[{"href":"https:\/\/www.officat.com\/es\/wp-json\/wp\/v2\/types\/page"}],"author":[{"embeddable":true,"href":"https:\/\/www.officat.com\/es\/wp-json\/wp\/v2\/users\/2"}],"replies":[{"embeddable":true,"href":"https:\/\/www.officat.com\/es\/wp-json\/wp\/v2\/comments?post=673"}],"version-history":[{"count":0,"href":"https:\/\/www.officat.com\/es\/wp-json\/wp\/v2\/pages\/673\/revisions"}],"wp:attachment":[{"href":"https:\/\/www.officat.com\/es\/wp-json\/wp\/v2\/media?parent=673"}],"curies":[{"name":"wp","href":"https:\/\/api.w.org\/{rel}","templated":true}]}}