{"id":678,"date":"2025-07-12T05:03:25","date_gmt":"2025-07-12T03:03:25","guid":{"rendered":"https:\/\/www.officat.com\/?page_id=678"},"modified":"2025-07-12T05:04:36","modified_gmt":"2025-07-12T03:04:36","slug":"politica-de-privacidad","status":"publish","type":"page","link":"https:\/\/www.officat.com\/es\/politica-de-privacidad\/","title":{"rendered":"Pol\u00edtica de privacidad"},"content":{"rendered":"\n<div class=\"wp-block-group alignwide is-style-section is-layout-flow wp-block-group-is-layout-flow\"><nav class=\"breadcrumb\" itemprop=\"breadcrumb\">\n\t<ul>\n\t\t<li class=\"breadcrumb__home\">\n\t\t\t<a href=\"https:\/\/www.officat.com\/es\/\">\n\t\t\t\t<i class=\"icon-home\">\n\t\t\t\t\t<svg width=\"16\" height=\"18\" viewBox=\"0 0 16 18\" fill=\"none\" xmlns=\"http:\/\/www.w3.org\/2000\/svg\">\n\t\t\t\t\t\t<path d=\"M0 18V6L8 0L16 6V18H10V11H6V18H0Z\" fill=\"currentColor\"\/>\n\t\t\t\t\t<\/svg>\n\t\t\t\t<\/i>\n\t\t\t\t<span class=\"home-text\">Inicio<\/span>\n\t\t\t<\/a>\n\t\t<\/li>\n\t\t\n\t\t\t\t\n\t\t\t\t\n\t<\/ul>\n<\/nav>\n<\/div>\n\n\n\n<div class=\"wp-block-group alignwide is-style-section has-white-background-color has-background has-global-padding is-layout-constrained wp-container-core-group-is-layout-1b3dec4a wp-block-group-is-layout-constrained\" style=\"margin-bottom:var(--wp--preset--spacing--60);padding-right:var(--wp--preset--spacing--30);padding-left:var(--wp--preset--spacing--30)\">\n<div class=\"wp-block-group aligncenter has-global-padding is-layout-constrained wp-block-group-is-layout-constrained\"><h1 class=\"wp-block-post-title\">Pol\u00edtica de privacidad<\/h1>\n\n\n<p>Los datos de car\u00e1cter personal proporcionados por usted y los que en cualquier momento nos facilite, ser\u00e1n incorporados a un fichero automatizado de datos titularidad de <strong>Officat<\/strong>, con el objeto de ser tratados en la medida en que fueran necesarios o convenientes para el desarrollo de la relaci\u00f3n jur\u00eddica que se establezca entre las partes y para su utilizaci\u00f3n con fines comerciales, de informaci\u00f3n y publicitarios de todo tipo de productos y servicios propios y ajenos.<\/p>\n\n\n\n<p>En cualquier momento, usted podr\u00e1 acceder a dicho fichero con la finalidad de ejercitar los derechos de acceso, rectificaci\u00f3n, cancelaci\u00f3n y oposici\u00f3n respecto a sus datos personales. Dichos derechos podr\u00e1n ejercitarse mediante comunicaci\u00f3n escrita dirigida a la sede de la Sociedad sita en la <strong>c\/ Pereda 17<\/strong> <strong>08204<\/strong> <strong>Sabadell<\/strong>.<\/p>\n\n\n\n<p>La aceptaci\u00f3n de la presente Pol\u00edtica de Privacidad, implica la autorizaci\u00f3n expresa a <strong>Officat<\/strong>, para la remisi\u00f3n de comunicaciones comerciales y ofertas promoci\u00f3nales por v\u00eda electr\u00f3nica, o cualquier otro medio equivalente. En caso de que usted no desee recibir comunicaciones comerciales por v\u00eda electr\u00f3nica, le rogamos nos lo comuniqu\u00e9 a trav\u00e9s del env\u00edo de un correo electr\u00f3nico a la siguiente direcci\u00f3n <strong><a href=\"mailto:officat@officat.com\">officat@officat.com<\/a><\/strong>.<\/p>\n\n\n\n<p>El env\u00edo de su informaci\u00f3n personal a trav\u00e9s de la presente p\u00e1gina web implica el consentimiento expreso e inequ\u00edvoco para el tratamiento de sus datos de car\u00e1cter personal en los t\u00e9rminos expuestos en la presente Pol\u00edtica de Privacidad.<\/p>\n\n\n\n<p>La aceptaci\u00f3n de la presente Pol\u00edtica de Privacidad, supone asimismo la aceptaci\u00f3n de las Condiciones Generales de Uso de esta p\u00e1gina web.<\/p>\n<\/div>\n<\/div>\n","protected":false},"excerpt":{"rendered":"<p>Los datos de car\u00e1cter personal proporcionados por usted y los que en cualquier momento nos facilite, ser\u00e1n incorporados a un fichero automatizado de datos titularidad de Officat, con el objeto de ser tratados en la medida en que fueran necesarios o convenientes para el desarrollo de la relaci\u00f3n jur\u00eddica que se establezca entre las partes [&hellip;]<\/p>\n","protected":false},"author":1,"featured_media":0,"parent":0,"menu_order":0,"comment_status":"closed","ping_status":"closed","template":"","meta":{"_seopress_robots_primary_cat":"","_seopress_titles_title":"","_seopress_titles_desc":"","_seopress_robots_index":"","footnotes":""},"class_list":["post-678","page","type-page","status-publish","hentry"],"_links":{"self":[{"href":"https:\/\/www.officat.com\/es\/wp-json\/wp\/v2\/pages\/678","targetHints":{"allow":["GET"]}}],"collection":[{"href":"https:\/\/www.officat.com\/es\/wp-json\/wp\/v2\/pages"}],"about":[{"href":"https:\/\/www.officat.com\/es\/wp-json\/wp\/v2\/types\/page"}],"author":[{"embeddable":true,"href":"https:\/\/www.officat.com\/es\/wp-json\/wp\/v2\/users\/1"}],"replies":[{"embeddable":true,"href":"https:\/\/www.officat.com\/es\/wp-json\/wp\/v2\/comments?post=678"}],"version-history":[{"count":0,"href":"https:\/\/www.officat.com\/es\/wp-json\/wp\/v2\/pages\/678\/revisions"}],"wp:attachment":[{"href":"https:\/\/www.officat.com\/es\/wp-json\/wp\/v2\/media?parent=678"}],"curies":[{"name":"wp","href":"https:\/\/api.w.org\/{rel}","templated":true}]}}