{"id":679,"date":"2025-07-12T05:04:51","date_gmt":"2025-07-12T03:04:51","guid":{"rendered":"https:\/\/www.officat.com\/?page_id=679"},"modified":"2025-07-12T05:05:50","modified_gmt":"2025-07-12T03:05:50","slug":"politica-de-cookies","status":"publish","type":"page","link":"https:\/\/www.officat.com\/es\/politica-de-cookies\/","title":{"rendered":"Pol\u00edtica de cookies"},"content":{"rendered":"\n<div class=\"wp-block-group alignwide is-style-section is-layout-flow wp-block-group-is-layout-flow\"><nav class=\"breadcrumb\" itemprop=\"breadcrumb\">\n\t<ul>\n\t\t<li class=\"breadcrumb__home\">\n\t\t\t<a href=\"https:\/\/www.officat.com\/es\/\">\n\t\t\t\t<i class=\"icon-home\">\n\t\t\t\t\t<svg width=\"16\" height=\"18\" viewBox=\"0 0 16 18\" fill=\"none\" xmlns=\"http:\/\/www.w3.org\/2000\/svg\">\n\t\t\t\t\t\t<path d=\"M0 18V6L8 0L16 6V18H10V11H6V18H0Z\" fill=\"currentColor\"\/>\n\t\t\t\t\t<\/svg>\n\t\t\t\t<\/i>\n\t\t\t\t<span class=\"home-text\">Inicio<\/span>\n\t\t\t<\/a>\n\t\t<\/li>\n\t\t\n\t\t\t\t\n\t\t\t\t\n\t<\/ul>\n<\/nav>\n<\/div>\n\n\n\n<div class=\"wp-block-group alignwide is-style-section has-white-background-color has-background has-global-padding is-layout-constrained wp-container-core-group-is-layout-1b3dec4a wp-block-group-is-layout-constrained\" style=\"margin-bottom:var(--wp--preset--spacing--60);padding-right:var(--wp--preset--spacing--30);padding-left:var(--wp--preset--spacing--30)\">\n<div class=\"wp-block-group aligncenter has-global-padding is-layout-constrained wp-block-group-is-layout-constrained\"><h1 class=\"wp-block-post-title\">Pol\u00edtica de cookies<\/h1>\n\n\n<h2 class=\"wp-block-heading\">INFORMACI\u00d3N SOBRE COOKIES<\/h2>\n\n\n\n<p>Debido a la entrada en vigor de la referente modificaci\u00f3n de la \u201cLey de Servicios de la Sociedad de la Informaci\u00f3n\u201d (LSSICE) establecida por el Real Decreto 13\/2012, es de obligaci\u00f3n obtener el consentimiento expreso del usuario de todas las p\u00e1ginas web que usan cookies prescindibles, antes de que \u00e9ste navegue por ellas.<\/p>\n\n\n\n<h3 class=\"wp-block-heading\">\u00bfQU\u00c9 SON LAS COOKIES?<\/h3>\n\n\n\n<p>Las cookies y otras tecnolog\u00edas similares tales como local shared objects, flash cookies o p\u00edxeles, son herramientas empleadas por los servidores Web para almacenar y recuperar informaci\u00f3n acerca de sus visitantes, as\u00ed como para ofrecer un correcto funcionamiento del sitio.<\/p>\n\n\n\n<p>Mediante el uso de estos dispositivos se permite al servidor Web recordar algunos datos concernientes al usuario, como sus preferencias para la visualizaci\u00f3n de las p\u00e1ginas de ese servidor, nombre y contrase\u00f1a, productos que m\u00e1s le interesan, etc.<\/p>\n\n\n\n<h3 class=\"wp-block-heading\">COOKIES AFECTADAS POR LA NORMATIVA Y COOKIES EXCEPTUADAS<\/h3>\n\n\n\n<p>Seg\u00fan la directiva de la UE, las cookies que requieren el consentimiento informado por parte del usuario son las cookies de anal\u00edtica y las de publicidad y afiliaci\u00f3n, quedando exceptuadas las de car\u00e1cter t\u00e9cnico y las necesarias para el funcionamiento del sitio web o la prestaci\u00f3n de servicios expresamente solicitados por el usuario.<\/p>\n\n\n\n<h3 class=\"wp-block-heading\">\u00bfQU\u00c9 TIPOS DE COOKIES EXISTEN?<\/h3>\n\n\n\n<p>Sobre los tipos de cookies, existen cinco grandes grupos:<\/p>\n\n\n<div class=\"wp-block-list\">\n<ul class=\"wp-block-list\">\n<li>Cookies anal\u00edticas: recogen informaci\u00f3n del uso que se realiza del sitio web.<\/li>\n\n\n\n<li>Cookies sociales: son aquellas necesarias para redes sociales externas.<\/li>\n\n\n\n<li>Cookies de afiliados: permiten hacer un seguimiento de las visitas procedentes de otras webs, con las que el sitio web establece un contrato de afiliaci\u00f3n (empresas de afiliaci\u00f3n).<\/li>\n\n\n\n<li>Cookies de publicidad y comportamentales: recogen informaci\u00f3n sobre las preferencias y elecciones personales del usuario (retargeting).<\/li>\n\n\n\n<li>Cookies t\u00e9cnicas y funcionales: son las estrictamente necesarias para el uso del sitio web y para la prestaci\u00f3n del servicio contratado.<\/li>\n<\/ul>\n<\/div>\n\n\n<h3 class=\"wp-block-heading\">COOKIES QUE SE UTILIZAN EN ESTE SITIO WEB<\/h3>\n\n\n\n<p>PHPSESSID: cookie t\u00e9cnica y estrictamente necesaria que contiene el identificador de la sesi\u00f3n. Se elimina al cerrar el navegador.<\/p>\n\n\n<div class=\"wp-block-list\">\n<ul class=\"wp-block-list\">\n<li>_lang: cookie t\u00e9cnica y estrictamente necesaria que contiene el idioma de la sesi\u00f3n. Se elimina al cerrar el<\/li>\n\n\n\n<li>navegador.<\/li>\n\n\n\n<li>ac_cookies: cookie t\u00e9cnica y estrictamente necesaria que contiene el valor de si se ha aceptado la instalaci\u00f3n de cookies. Caduca en 1 a\u00f1o desde la \u00faltima actualizaci\u00f3n.<\/li>\n\n\n\n<li>_utma: cookie de Google Analytics que registra la fecha de la primera y \u00faltima vez que el usuario visti\u00f3 el sitio web. Caduca a los 2 a\u00f1os desde la \u00faltima actualizaci\u00f3n. M\u00e1s informaci\u00f3n del tratamiento realizado por Google Analytics aqu\u00ed.<\/li>\n\n\n\n<li>_utmb: cookie de Google Analytics que registra la hora de llegada a la p\u00e1gina web. Caduca a los 30 minutos desde la \u00faltima actualizaci\u00f3n.<\/li>\n\n\n\n<li>_utmc: cookie de Google Analytics utilizada para la interoperabilidad con el c\u00f3digo de seguimiento urchin.js. Se elimina al cerrar el navegador.<\/li>\n\n\n\n<li>_utmt: cookie de Google Analytics. Esta cookie se utiliza para procesar el tipo de solicitud pedida por el usuario. Caduca al finalizar la sesi\u00f3n.<\/li>\n\n\n\n<li>_utmv: cookie de Google Analytics. Esta cookie se utiliza para segmentar datos demogr\u00e1ficos. Caduca al finalizar la sesi\u00f3n.<\/li>\n\n\n\n<li>_utmz: cookie de Google Analytics que almacena la fuente de tr\u00e1fico o una campa\u00f1a para explicar c\u00f3mo el usuario lleg\u00f3 al sitio web. Caduca a los 6 meses desde la \u00faltima actualizaci\u00f3n.<\/li>\n<\/ul>\n<\/div>\n\n\n<h2 class=\"wp-block-heading\">REVOCACI\u00d3N DEL CONSENTIMIENTO PARA INSTALAR COOKIES<\/h2>\n\n\n\n<h3 class=\"wp-block-heading\">COMO ELIMINAR LAS COOKIES DEL NAVEGADOR<\/h3>\n\n\n\n<p><strong>Chrome<\/strong><\/p>\n\n\n\n<p>1. Selecciona el icono de Herramientas<br>2. Haz clic en Configuraci\u00f3n.<br>3. Haz clic en Mostrar Opciones Avanzadas.<br>4. En la secci\u00f3n \u00abPrivacidad\u00bb haz clic en Configuraci\u00f3n de contenido.<br>\u2022 Eliminar cookies: Haz clic en Todas las cookies y los datos de sitios\u2026<br>\u2022 No permitir que se almacenen cookies.<br>5. Haz clic en Eliminar datos de navegaci\u00f3n (vaciar la Cach\u00e9).<br>6. Cierra y reinicia el navegador.<\/p>\n\n\n\n<p>Para m\u00e1s informaci\u00f3n sobre Chrome pulse aqu\u00ed: http:\/\/support.google.com\/chrome\/answer\/95647?hl=es<\/p>\n\n\n\n<p><strong>Internet Explorer. Versi\u00f3n 11<\/strong><\/p>\n\n\n\n<p>1. Selecciona Herramientas | Opciones de Internet.<br>2. Haz clic en la ficha General.<br>3. En la secci\u00f3n \u00abHistorial de exploraci\u00f3n\u00bb, haz clic en Eliminar el historial de exploraci\u00f3n al salir.<br>4. Seleccionar Eliminar archivos.<br>5. Seleccionar Eliminar cookies.<br>6. Haz clic en Eliminar.<br>7. Haz clic en Aceptar.<br>8. Cierra y reinicia el navegador.<\/p>\n\n\n\n<p>Para m\u00e1s informaci\u00f3n sobre Internet Explorer pulse aqu\u00ed: https:\/\/support.microsoft.com\/es-es\/kb\/278835<\/p>\n\n\n\n<p><strong>Firefox. Versi\u00f3n 18<\/strong><\/p>\n\n\n\n<p>1. Selecciona Firefox | Historial | Limpiar el historial reciente.<br>2. Al lado de \u00abDetalles\u00bb, haz clic en la flecha hacia abajo.<br>3. Selecciona las siguientes casillas de verificaci\u00f3n: Cookies, Cach\u00e9, Inicios de sesi\u00f3n activos<br>4. Usando el \u00abIntervalo de tiempo para borrar\u00bb en el men\u00fa desplegable, selecciona Todo.<br>5. Haz clic en Borrar ahora.<br>6. Cierra y reinicia el navegador.<\/p>\n\n\n\n<p>Puede aceptar o rechazar las cookies individualmente en las Preferencias de Firefox, en la secci\u00f3n Historial disponible en Herramientas &gt; Opciones &gt; Privacidad.<\/p>\n\n\n\n<p>Para m\u00e1s informaci\u00f3n sobre Mozilla Firefox pulse aqu\u00ed: https:\/\/www.mozilla.org\/es-ES\/privacy\/websites\/#cookies<\/p>\n\n\n\n<p><strong>Safari Versi\u00f3n 5.1<\/strong><\/p>\n\n\n\n<p>1. Selecciona el icono de Safari \/ Editar | Restaurar Safari.<br>2. Selecciona las siguientes casillas de verificaci\u00f3n: Borrar el historial, Eliminar todos los datos de sitio web<br>3. Haz clic en Restablecer.<br>4. Cierra y reinicia el navegador.<\/p>\n\n\n\n<p>Para m\u00e1s informaci\u00f3n sobre Safari pulse aqu\u00ed: http:\/\/support.apple.com\/kb\/PH5042<\/p>\n\n\n\n<p><strong>Opera<\/strong><\/p>\n\n\n\n<p>Opciones &#8211; Avanzado &#8211; Cookies.<\/p>\n\n\n\n<p>Las opciones de cookies controlan el modo en que Opera los maneja y por lo tanto su aceptaci\u00f3n o rechazo.<\/p>\n\n\n\n<p>Para m\u00e1s informaci\u00f3n sobre \u00d3pera pulse aqu\u00ed: http:\/\/help.opera.com\/Linux\/10.60\/es-ES\/cookies.html<\/p>\n\n\n\n<p><strong>Otros navegadores<\/strong><\/p>\n\n\n\n<p>Consulte la documentaci\u00f3n del navegador que tenga instalado.<\/p>\n<\/div>\n<\/div>\n","protected":false},"excerpt":{"rendered":"<p>INFORMACI\u00d3N SOBRE COOKIES Debido a la entrada en vigor de la referente modificaci\u00f3n de la \u201cLey de Servicios de la Sociedad de la Informaci\u00f3n\u201d (LSSICE) establecida por el Real Decreto 13\/2012, es de obligaci\u00f3n obtener el consentimiento expreso del usuario de todas las p\u00e1ginas web que usan cookies prescindibles, antes de que \u00e9ste navegue por [&hellip;]<\/p>\n","protected":false},"author":1,"featured_media":0,"parent":0,"menu_order":0,"comment_status":"closed","ping_status":"closed","template":"","meta":{"_seopress_robots_primary_cat":"","_seopress_titles_title":"","_seopress_titles_desc":"","_seopress_robots_index":"","footnotes":""},"class_list":["post-679","page","type-page","status-publish","hentry"],"_links":{"self":[{"href":"https:\/\/www.officat.com\/es\/wp-json\/wp\/v2\/pages\/679","targetHints":{"allow":["GET"]}}],"collection":[{"href":"https:\/\/www.officat.com\/es\/wp-json\/wp\/v2\/pages"}],"about":[{"href":"https:\/\/www.officat.com\/es\/wp-json\/wp\/v2\/types\/page"}],"author":[{"embeddable":true,"href":"https:\/\/www.officat.com\/es\/wp-json\/wp\/v2\/users\/1"}],"replies":[{"embeddable":true,"href":"https:\/\/www.officat.com\/es\/wp-json\/wp\/v2\/comments?post=679"}],"version-history":[{"count":0,"href":"https:\/\/www.officat.com\/es\/wp-json\/wp\/v2\/pages\/679\/revisions"}],"wp:attachment":[{"href":"https:\/\/www.officat.com\/es\/wp-json\/wp\/v2\/media?parent=679"}],"curies":[{"name":"wp","href":"https:\/\/api.w.org\/{rel}","templated":true}]}}